{"id":87,"date":"2025-04-11T13:23:14","date_gmt":"2025-04-11T13:23:14","guid":{"rendered":"https:\/\/www.drk-puderbach.de\/wp\/?page_id=87"},"modified":"2025-04-24T11:29:02","modified_gmt":"2025-04-24T09:29:02","slug":"grundsaetze","status":"publish","type":"page","link":"https:\/\/www.drk-puderbach.de\/wp\/unser-ortsverein\/grundsaetze\/","title":{"rendered":"Grunds\u00e4tze"},"content":{"rendered":"\n<figure class=\"wp-block-image size-large\"><img loading=\"lazy\" decoding=\"async\" width=\"1024\" height=\"770\" src=\"https:\/\/www.drk-puderbach.de\/wp\/wp-content\/uploads\/2025\/04\/Bild-1-1024x770.jpeg\" alt=\"\" class=\"wp-image-373\" srcset=\"https:\/\/www.drk-puderbach.de\/wp\/wp-content\/uploads\/2025\/04\/Bild-1-1024x770.jpeg 1024w, https:\/\/www.drk-puderbach.de\/wp\/wp-content\/uploads\/2025\/04\/Bild-1-300x225.jpeg 300w, https:\/\/www.drk-puderbach.de\/wp\/wp-content\/uploads\/2025\/04\/Bild-1-768x577.jpeg 768w, https:\/\/www.drk-puderbach.de\/wp\/wp-content\/uploads\/2025\/04\/Bild-1.jpeg 1280w\" sizes=\"auto, (max-width: 1024px) 100vw, 1024px\" \/><\/figure>\n\n\n\n<h2 class=\"wp-block-heading\">Menschlichkeit<\/h2>\n\n\n\n<p>Die internationale Rotkreuz- und Rothalbmondbewegung, entstanden aus dem Willen, den Verwundeten der Schlachtfelder unterschiedslos Hilfe zu leisten, bem\u00fcht sich in ihrer internationalen und nationalen T\u00e4tigkeit, menschliches Leiden \u00fcberall und jederzeit zu verh\u00fcten und zu lindern. Sie ist bestrebt, Leben und Gesundheit zu sch\u00fctzen und der W\u00fcrde des Menschen Achtung zu verschaffen. Sie f\u00f6rdert gegenseitiges Verst\u00e4ndnis, Freundschaft, Zusammenarbeit und einen dauerhaften Frieden unter allen V\u00f6lkern.<\/p>\n\n\n\n<h2 class=\"wp-block-heading\">Unparteilichkeit<\/h2>\n\n\n\n<p>Die Rotkreuz- und Rothalbmondbewegung unterscheidet nicht nach Nationalit\u00e4t, Rasse, Religion, sozialer Stellung oder politischer \u00dcberzeugung. Sie ist einzig bem\u00fcht, den Menschen nach dem Ma\u00df ihrer Not zu helfen und dabei den dringendsten F\u00e4llen den Vorrang zu geben.<\/p>\n\n\n\n<h2 class=\"wp-block-heading\">Neutralit\u00e4t<\/h2>\n\n\n\n<p>Um sich das Vertrauen aller zu bew\u00e4hren, enth\u00e4lt sich die Rotkreuz-und Rothalbmondbewegung der Teilnahme an Feindseligkeiten wie auch, zu jeder Zeit, an politischen, rassischen, religi\u00f6sen oder ideologischen Auseinandersetzungen.<\/p>\n\n\n\n<h2 class=\"wp-block-heading\">Unabh\u00e4ngigkeit<\/h2>\n\n\n\n<p>Die Rotkreuz- und Rothalbmondbewegung ist unabh\u00e4ngig. Wenn auch die Nationalen Gesellschaften den Beh\u00f6rden bei ihrer humanit\u00e4ren T\u00e4tigkeit als Hilfsgesellschaften zur Seite stehen und den jeweiligen Landesgesetzen unterworfen sind, m\u00fcssen sie dennoch eine Eigenst\u00e4ndigkeit bewahren, die ihnen gestattet, jederzeit nach den Grunds\u00e4tzen der Rotkreuz- und Rothalbmondbewegung zu handeln.<\/p>\n\n\n\n<h2 class=\"wp-block-heading\">Freiwilligkeit<\/h2>\n\n\n\n<p>Die Rotkreuz- und Rothalbmondbewegung verk\u00f6rpert freiwillige und uneigenn\u00fctzige Hilfe ohne jedes Gewinnstreben.<\/p>\n\n\n\n<h2 class=\"wp-block-heading\">Einheit<\/h2>\n\n\n\n<p>In jedem Land kann es nur eine einzige Nationale Rotkreuz- und Rothalbmondgesellschaft geben. Sie muss allen offen stehen und ihre humanit\u00e4re T\u00e4tigkeit im ganzen Gebiet aus\u00fcben<\/p>\n\n\n\n<h2 class=\"wp-block-heading\">Universalit\u00e4t<\/h2>\n\n\n\n<p>Die Rotkreuz- und Rothalbmondbewegung ist weltumfassend. In ihr haben alle Nationalen Gesellschaften gleiche Rechte und die Pflicht, einander zu helfen.<\/p>\n","protected":false},"excerpt":{"rendered":"<p>Menschlichkeit Die internationale Rotkreuz- und Rothalbmondbewegung, entstanden aus dem Willen, den Verwundeten der Schlachtfelder unterschiedslos Hilfe zu leisten, bem\u00fcht sich in ihrer internationalen und nationalen T\u00e4tigkeit, menschliches Leiden \u00fcberall und jederzeit zu verh\u00fcten und zu lindern. Sie ist bestrebt, Leben und Gesundheit zu sch\u00fctzen und der W\u00fcrde des Menschen Achtung zu verschaffen. Sie f\u00f6rdert gegenseitiges &hellip; <a href=\"https:\/\/www.drk-puderbach.de\/wp\/unser-ortsverein\/grundsaetze\/\">Continued<\/a><\/p>\n","protected":false},"author":2,"featured_media":0,"parent":51,"menu_order":0,"comment_status":"closed","ping_status":"closed","template":"","meta":{"footnotes":""},"class_list":["post-87","page","type-page","status-publish","hentry"],"_links":{"self":[{"href":"https:\/\/www.drk-puderbach.de\/wp\/wp-json\/wp\/v2\/pages\/87","targetHints":{"allow":["GET"]}}],"collection":[{"href":"https:\/\/www.drk-puderbach.de\/wp\/wp-json\/wp\/v2\/pages"}],"about":[{"href":"https:\/\/www.drk-puderbach.de\/wp\/wp-json\/wp\/v2\/types\/page"}],"author":[{"embeddable":true,"href":"https:\/\/www.drk-puderbach.de\/wp\/wp-json\/wp\/v2\/users\/2"}],"replies":[{"embeddable":true,"href":"https:\/\/www.drk-puderbach.de\/wp\/wp-json\/wp\/v2\/comments?post=87"}],"version-history":[{"count":5,"href":"https:\/\/www.drk-puderbach.de\/wp\/wp-json\/wp\/v2\/pages\/87\/revisions"}],"predecessor-version":[{"id":374,"href":"https:\/\/www.drk-puderbach.de\/wp\/wp-json\/wp\/v2\/pages\/87\/revisions\/374"}],"up":[{"embeddable":true,"href":"https:\/\/www.drk-puderbach.de\/wp\/wp-json\/wp\/v2\/pages\/51"}],"wp:attachment":[{"href":"https:\/\/www.drk-puderbach.de\/wp\/wp-json\/wp\/v2\/media?parent=87"}],"curies":[{"name":"wp","href":"https:\/\/api.w.org\/{rel}","templated":true}]}}